{"id":1416,"date":"2022-10-13T19:05:22","date_gmt":"2022-10-13T17:05:22","guid":{"rendered":"https:\/\/maxsportsutaz.com\/registrace-uctenek\/"},"modified":"2025-04-28T20:23:29","modified_gmt":"2025-04-28T18:23:29","slug":"registrace-uctenek","status":"publish","type":"page","link":"https:\/\/maxsportsutaz.com\/cs\/registrace-uctenek\/","title":{"rendered":"Registrace \u00fa\u010dtenek"},"content":{"rendered":"<div class=\"fusion-fullwidth fullwidth-box fusion-builder-row-1 fusion-flex-container has-pattern-background has-mask-background fusion-parallax-none sekcia-registrovat-blok nonhundred-percent-fullwidth non-hundred-percent-height-scrolling\" style=\"background-color: rgba(255,255,255,0);background-image: url(&quot;https:\/\/maxsportsutaz.com\/wp-content\/uploads\/2025\/03\/uvodna-bgr.webp&quot;);background-position: center top;background-repeat: no-repeat;border-width: 0px 0px 0px 0px;border-color:var(--awb-color3);border-style:solid;-webkit-background-size:cover;-moz-background-size:cover;-o-background-size:cover;background-size:cover;\" ><div class=\"fusion-builder-row fusion-row fusion-flex-align-items-center fusion-flex-justify-content-center\" style=\"max-width:1466.4px;margin-left: calc(-4% \/ 2 );margin-right: calc(-4% \/ 2 );\"><div class=\"fusion-layout-column fusion_builder_column fusion-builder-column-0 fusion_builder_column_3_4 3_4 fusion-flex-column registrovat-blok-formular prihlasenie-registracia form-box\"><div class=\"fusion-column-wrapper fusion-flex-justify-content-flex-start fusion-content-layout-column\" style=\"background-image: linear-gradient(180deg, #ffe81d 0%,#ecbd00 100%);background-position:left top;background-repeat:no-repeat;-webkit-background-size:cover;-moz-background-size:cover;-o-background-size:cover;background-size:cover;border-radius:1rem 1rem 1rem 1rem;border-radius:1rem 1rem 1rem 1rem;overflow:hidden;padding: 3rem 4rem 2.5rem 4rem;\"><style type=\"text\/css\">@media only screen and (max-width:1100px) {.fusion-title.fusion-title-1{margin-top:10px!important; margin-right:0px!important;margin-bottom:1.5rem!important;margin-left:0px!important;}}@media only screen and (max-width:800px) {.fusion-title.fusion-title-1{margin-top:10px!important; margin-right:0px!important;margin-bottom:10px!important; margin-left:0px!important;}}<\/style><div class=\"fusion-title title fusion-title-1 fusion-sep-none fusion-title-center fusion-title-text fusion-title-size-two\" style=\"margin-top:10px;margin-right:0px;margin-bottom:1.5rem;margin-left:0px;\"><h2 class=\"title-heading-center fusion-responsive-typography-calculated\" style=\"margin:0;color:#006cb5;--fontSize:50;line-height:var(--awb-typography1-line-height);\">Registrace \u00fa\u010dtenek<\/h2><\/div><p class=\"wpcf7-subscribers-only\">Tento kontaktn\u00fd formul\u00e1r je dostupn\u00fd iba pre prihl\u00e1sen\u00fdch pou\u017e\u00edvate\u013eov.<\/p><div class=\"fusion-text fusion-text-1 smallest\" style=\"font-size:1rem;color:#000000;\"><p>\u00da\u010dtenku si uschovej! V\u00fdherci mohou b\u00fdt v p\u0159\u00edpad\u011b pot\u0159eby znovu po\u017e\u00e1d\u00e1ni o p\u0159edlo\u017een\u00ed bloku ke kontrole.<\/p>\n<\/div><script>jQuery(function($) {\n    var $mesiac = $('input[name=\"mesiac-nakupu\"]');\n    var $den = $('input[name=\"den-nakupu\"]');\n    var $hodina = $('input[name=\"hodina-nakupu\"]');\n    var $minuta = $('input[name=\"minuta-nakupu\"]');\n    var $kod_bloku = $('input[name=\"kod_bloku\"]');\n\n    $hodina.add($minuta).add($den).add($mesiac).on('keyup change', function() {\n        $kod_bloku.val($hodina.val() + $minuta.val() + $den.val() + $mesiac.val());\n    });\n});\n<\/script><\/div><style type=\"text\/css\">.fusion-body .fusion-builder-column-0{width:75% !important;margin-top : 0px;margin-bottom : 20px;}.fusion-builder-column-0 > .fusion-column-wrapper {padding-top : 3rem !important;padding-right : 4rem !important;margin-right : 2.56%;padding-bottom : 2.5rem !important;padding-left : 4rem !important;margin-left : 2.56%;}@media only screen and (max-width:1100px) {.fusion-body .fusion-builder-column-0{width:75% !important;order : 0;}.fusion-builder-column-0 > .fusion-column-wrapper {padding-top : 15px !important;padding-right : 20px !important;margin-right : 2.56%;padding-bottom : 15px !important;padding-left : 20px !important;margin-left : 2.56%;}}@media only screen and (max-width:800px) {.fusion-body .fusion-builder-column-0{width:100% !important;order : 0;}.fusion-builder-column-0 > .fusion-column-wrapper {margin-right : 1.92%;margin-left : 1.92%;}}<\/style><\/div><\/div><style type=\"text\/css\">.fusion-body .fusion-flex-container.fusion-builder-row-1{ padding-top : 12rem;margin-top : 0px;padding-right : 0px;padding-bottom : 3rem;margin-bottom : 0px;padding-left : 0px;}@media only screen and (max-width:800px) {.fusion-body .fusion-flex-container.fusion-builder-row-1{ padding-top : 6rem;padding-bottom : 2rem;}}<\/style><\/div>\n","protected":false},"excerpt":{"rendered":"","protected":false},"author":15,"featured_media":0,"parent":0,"menu_order":0,"comment_status":"closed","ping_status":"closed","template":"100-width.php","meta":{"footnotes":""},"class_list":["post-1416","page","type-page","status-publish","hentry"],"yoast_head":"<!-- This site is optimized with the Yoast SEO plugin v25.0 - https:\/\/yoast.com\/wordpress\/plugins\/seo\/ -->\n<title>maxsportsutaz.com - K\u00fap Max Sport ty\u010dinku a s\u00fa\u0165a\u017e na MAXimum!<\/title>\n<meta name=\"description\" content=\"K\u00fap Max Sport ty\u010dinku a s\u00fa\u0165a\u017e na MAXimum o luxusn\u00fa dovolenku a \u010fal\u0161ie hodnotn\u00e9 ceny. \u010c\u00edm viac n\u00e1kupov \u2013 t\u00fdm v\u00e4\u010d\u0161ia \u0161anca na v\u00fdhru!\" \/>\n<meta name=\"robots\" content=\"index, follow, max-snippet:-1, max-image-preview:large, max-video-preview:-1\" \/>\n<link rel=\"canonical\" href=\"https:\/\/maxsportsutaz.com\/cs\/registrace-uctenek\/\" \/>\n<meta property=\"og:locale\" content=\"cs_CZ\" \/>\n<meta property=\"og:type\" content=\"article\" \/>\n<meta property=\"og:title\" content=\"maxsportsutaz.com - K\u00fap Max Sport ty\u010dinku a s\u00fa\u0165a\u017e na MAXimum!\" \/>\n<meta property=\"og:description\" content=\"K\u00fap Max Sport ty\u010dinku a s\u00fa\u0165a\u017e na MAXimum o luxusn\u00fa dovolenku a \u010fal\u0161ie hodnotn\u00e9 ceny. \u010c\u00edm viac n\u00e1kupov \u2013 t\u00fdm v\u00e4\u010d\u0161ia \u0161anca na v\u00fdhru!\" \/>\n<meta property=\"og:url\" content=\"https:\/\/maxsportsutaz.com\/cs\/registrace-uctenek\/\" \/>\n<meta property=\"og:site_name\" content=\"maxsportsutaz.com\" \/>\n<meta property=\"article:modified_time\" content=\"2025-04-28T18:23:29+00:00\" \/>\n<meta name=\"twitter:card\" content=\"summary_large_image\" \/>\n<meta name=\"twitter:label1\" content=\"Odhadovan\u00e1 doba \u010dten\u00ed\" \/>\n\t<meta name=\"twitter:data1\" content=\"6 minut\" \/>\n<script type=\"application\/ld+json\" class=\"yoast-schema-graph\">{\"@context\":\"https:\/\/schema.org\",\"@graph\":[{\"@type\":\"WebPage\",\"@id\":\"https:\/\/maxsportsutaz.com\/cs\/registrace-uctenek\/\",\"url\":\"https:\/\/maxsportsutaz.com\/cs\/registrace-uctenek\/\",\"name\":\"maxsportsutaz.com - K\u00fap Max Sport ty\u010dinku a s\u00fa\u0165a\u017e na MAXimum!\",\"isPartOf\":{\"@id\":\"https:\/\/maxsportsutaz.com\/sk\/#website\"},\"datePublished\":\"2022-10-13T17:05:22+00:00\",\"dateModified\":\"2025-04-28T18:23:29+00:00\",\"description\":\"K\u00fap Max Sport ty\u010dinku a s\u00fa\u0165a\u017e na MAXimum o luxusn\u00fa dovolenku a \u010fal\u0161ie hodnotn\u00e9 ceny. \u010c\u00edm viac n\u00e1kupov \u2013 t\u00fdm v\u00e4\u010d\u0161ia \u0161anca na v\u00fdhru!\",\"breadcrumb\":{\"@id\":\"https:\/\/maxsportsutaz.com\/cs\/registrace-uctenek\/#breadcrumb\"},\"inLanguage\":\"cs\",\"potentialAction\":[{\"@type\":\"ReadAction\",\"target\":[\"https:\/\/maxsportsutaz.com\/cs\/registrace-uctenek\/\"]}]},{\"@type\":\"BreadcrumbList\",\"@id\":\"https:\/\/maxsportsutaz.com\/cs\/registrace-uctenek\/#breadcrumb\",\"itemListElement\":[{\"@type\":\"ListItem\",\"position\":1,\"name\":\"Domovsk\u00e1 str\u00e1nka\",\"item\":\"https:\/\/maxsportsutaz.com\/cs\/\"},{\"@type\":\"ListItem\",\"position\":2,\"name\":\"Registrace \u00fa\u010dtenek\"}]},{\"@type\":\"WebSite\",\"@id\":\"https:\/\/maxsportsutaz.com\/sk\/#website\",\"url\":\"https:\/\/maxsportsutaz.com\/sk\/\",\"name\":\"maxsportsutaz.com\",\"description\":\"K\u00fap Max Sport ty\u010dinku a s\u00fa\u0165a\u017e na MAXimum!\",\"alternateName\":\"Maxsport s\u00fa\u0165a\u017e\",\"potentialAction\":[{\"@type\":\"SearchAction\",\"target\":{\"@type\":\"EntryPoint\",\"urlTemplate\":\"https:\/\/maxsportsutaz.com\/sk\/?s={search_term_string}\"},\"query-input\":{\"@type\":\"PropertyValueSpecification\",\"valueRequired\":true,\"valueName\":\"search_term_string\"}}],\"inLanguage\":\"cs\"}]}<\/script>\n<!-- \/ Yoast SEO plugin. -->","yoast_head_json":{"title":"maxsportsutaz.com - K\u00fap Max Sport ty\u010dinku a s\u00fa\u0165a\u017e na MAXimum!","description":"K\u00fap Max Sport ty\u010dinku a s\u00fa\u0165a\u017e na MAXimum o luxusn\u00fa dovolenku a \u010fal\u0161ie hodnotn\u00e9 ceny. \u010c\u00edm viac n\u00e1kupov \u2013 t\u00fdm v\u00e4\u010d\u0161ia \u0161anca na v\u00fdhru!","robots":{"index":"index","follow":"follow","max-snippet":"max-snippet:-1","max-image-preview":"max-image-preview:large","max-video-preview":"max-video-preview:-1"},"canonical":"https:\/\/maxsportsutaz.com\/cs\/registrace-uctenek\/","og_locale":"cs_CZ","og_type":"article","og_title":"maxsportsutaz.com - K\u00fap Max Sport ty\u010dinku a s\u00fa\u0165a\u017e na MAXimum!","og_description":"K\u00fap Max Sport ty\u010dinku a s\u00fa\u0165a\u017e na MAXimum o luxusn\u00fa dovolenku a \u010fal\u0161ie hodnotn\u00e9 ceny. \u010c\u00edm viac n\u00e1kupov \u2013 t\u00fdm v\u00e4\u010d\u0161ia \u0161anca na v\u00fdhru!","og_url":"https:\/\/maxsportsutaz.com\/cs\/registrace-uctenek\/","og_site_name":"maxsportsutaz.com","article_modified_time":"2025-04-28T18:23:29+00:00","twitter_card":"summary_large_image","twitter_misc":{"Odhadovan\u00e1 doba \u010dten\u00ed":"6 minut"},"schema":{"@context":"https:\/\/schema.org","@graph":[{"@type":"WebPage","@id":"https:\/\/maxsportsutaz.com\/cs\/registrace-uctenek\/","url":"https:\/\/maxsportsutaz.com\/cs\/registrace-uctenek\/","name":"maxsportsutaz.com - K\u00fap Max Sport ty\u010dinku a s\u00fa\u0165a\u017e na MAXimum!","isPartOf":{"@id":"https:\/\/maxsportsutaz.com\/sk\/#website"},"datePublished":"2022-10-13T17:05:22+00:00","dateModified":"2025-04-28T18:23:29+00:00","description":"K\u00fap Max Sport ty\u010dinku a s\u00fa\u0165a\u017e na MAXimum o luxusn\u00fa dovolenku a \u010fal\u0161ie hodnotn\u00e9 ceny. \u010c\u00edm viac n\u00e1kupov \u2013 t\u00fdm v\u00e4\u010d\u0161ia \u0161anca na v\u00fdhru!","breadcrumb":{"@id":"https:\/\/maxsportsutaz.com\/cs\/registrace-uctenek\/#breadcrumb"},"inLanguage":"cs","potentialAction":[{"@type":"ReadAction","target":["https:\/\/maxsportsutaz.com\/cs\/registrace-uctenek\/"]}]},{"@type":"BreadcrumbList","@id":"https:\/\/maxsportsutaz.com\/cs\/registrace-uctenek\/#breadcrumb","itemListElement":[{"@type":"ListItem","position":1,"name":"Domovsk\u00e1 str\u00e1nka","item":"https:\/\/maxsportsutaz.com\/cs\/"},{"@type":"ListItem","position":2,"name":"Registrace \u00fa\u010dtenek"}]},{"@type":"WebSite","@id":"https:\/\/maxsportsutaz.com\/sk\/#website","url":"https:\/\/maxsportsutaz.com\/sk\/","name":"maxsportsutaz.com","description":"K\u00fap Max Sport ty\u010dinku a s\u00fa\u0165a\u017e na MAXimum!","alternateName":"Maxsport s\u00fa\u0165a\u017e","potentialAction":[{"@type":"SearchAction","target":{"@type":"EntryPoint","urlTemplate":"https:\/\/maxsportsutaz.com\/sk\/?s={search_term_string}"},"query-input":{"@type":"PropertyValueSpecification","valueRequired":true,"valueName":"search_term_string"}}],"inLanguage":"cs"}]}},"_links":{"self":[{"href":"https:\/\/maxsportsutaz.com\/cs\/wp-json\/wp\/v2\/pages\/1416","targetHints":{"allow":["GET"]}}],"collection":[{"href":"https:\/\/maxsportsutaz.com\/cs\/wp-json\/wp\/v2\/pages"}],"about":[{"href":"https:\/\/maxsportsutaz.com\/cs\/wp-json\/wp\/v2\/types\/page"}],"author":[{"embeddable":true,"href":"https:\/\/maxsportsutaz.com\/cs\/wp-json\/wp\/v2\/users\/15"}],"replies":[{"embeddable":true,"href":"https:\/\/maxsportsutaz.com\/cs\/wp-json\/wp\/v2\/comments?post=1416"}],"version-history":[{"count":4,"href":"https:\/\/maxsportsutaz.com\/cs\/wp-json\/wp\/v2\/pages\/1416\/revisions"}],"predecessor-version":[{"id":1420,"href":"https:\/\/maxsportsutaz.com\/cs\/wp-json\/wp\/v2\/pages\/1416\/revisions\/1420"}],"wp:attachment":[{"href":"https:\/\/maxsportsutaz.com\/cs\/wp-json\/wp\/v2\/media?parent=1416"}],"curies":[{"name":"wp","href":"https:\/\/api.w.org\/{rel}","templated":true}]}}