{"id":154,"date":"2022-10-11T12:09:35","date_gmt":"2022-10-11T10:09:35","guid":{"rendered":"https:\/\/layssutaz.mwsk.sk\/?page_id=154"},"modified":"2025-04-16T12:43:35","modified_gmt":"2025-04-16T10:43:35","slug":"prihlasenie","status":"publish","type":"page","link":"https:\/\/maxsportsutaz.com\/sk\/prihlasenie\/","title":{"rendered":"Prihl\u00e1senie"},"content":{"rendered":"<div class=\"fusion-fullwidth fullwidth-box fusion-builder-row-1 fusion-flex-container has-pattern-background has-mask-background fusion-parallax-none nonhundred-percent-fullwidth non-hundred-percent-height-scrolling\" style=\"background-color: rgba(255,255,255,0);background-image: url(&quot;https:\/\/maxsportsutaz.com\/wp-content\/uploads\/2025\/03\/uvodna-bgr.webp&quot;);background-position: center top;background-repeat: no-repeat;border-width: 0px 0px 0px 0px;border-color:var(--awb-color3);border-style:solid;-webkit-background-size:cover;-moz-background-size:cover;-o-background-size:cover;background-size:cover;\" ><div class=\"fusion-builder-row fusion-row fusion-flex-align-items-center fusion-flex-justify-content-center\" style=\"max-width:1466.4px;margin-left: calc(-4% \/ 2 );margin-right: calc(-4% \/ 2 );\"><div class=\"fusion-layout-column fusion_builder_column fusion-builder-column-0 fusion_builder_column_3_4 3_4 fusion-flex-column prihlasenie-stranka\"><div class=\"fusion-column-wrapper fusion-flex-justify-content-flex-start fusion-content-layout-column\" style=\"background-image: linear-gradient(180deg, #ffe81d 0%,#ecbd00 100%);background-position:left top;background-repeat:no-repeat;-webkit-background-size:cover;-moz-background-size:cover;-o-background-size:cover;background-size:cover;border-radius:1rem 1rem 1rem 1rem;border-radius:1rem 1rem 1rem 1rem;overflow:hidden;padding: 2rem 4rem 2rem 4rem;\"><style type=\"text\/css\">@media only screen and (max-width:1100px) {.fusion-title.fusion-title-1{margin-top:10px!important; margin-right:0px!important;margin-bottom:15px!important;margin-left:0px!important;}}@media only screen and (max-width:800px) {.fusion-title.fusion-title-1{margin-top:10px!important; margin-right:0px!important;margin-bottom:10px!important; margin-left:0px!important;}}<\/style><div class=\"fusion-title title fusion-title-1 fusion-sep-none fusion-title-center fusion-title-text fusion-title-size-two\" style=\"margin-top:10px;margin-right:0px;margin-bottom:15px;margin-left:0px;\"><h2 class=\"title-heading-center fusion-responsive-typography-calculated\" style=\"margin:0;color:#006cb5;--fontSize:50;line-height:var(--awb-typography1-line-height);\">Prihl\u00e1senie<\/h2><\/div><div class=\"fusion-text fusion-text-1\"><form id=\"um_login_form22\" class=\"um_login_form\" method=\"post\" onsubmit=\"umLogin(this); return false;\" ><p><label  class=\"pf_label\" for=\"user_login22\">Email<\/label> <input type=\"text\" name=\"log\" id=\"user_login22\" class=\"um_login_field um_input\"  \/><\/p><p><label  class=\"pf_label\" for=\"user_pass22\">Heslo<\/label> <input type=\"password\" name=\"pwd\" id=\"user_pass22\" class=\"um_pass_field um_input\"  \/><\/p><p><label   for=\"remember22\"><input type=\"checkbox\" name=\"rememberme\" id=\"remember22\" class=\"um_remember_field\" value=\"1\"  \/> Zapam\u00e4ta\u0165 si ma<\/label><\/p><input type=\"hidden\" name=\"pf_nonce\" value=\"cfbc7f1229\" \/><input type=\"hidden\" name=\"_wp_http_referer\" value=\"\/sk\/wp-json\/wp\/v2\/pages\/154\" \/><input type=\"hidden\" name=\"method_name\" value=\"Login\" \/><input type=\"hidden\" name=\"um_post_method_nonce\" value=\"cb85986d1e\" \/><p><input type=\"submit\" name=\"wp-submit\" value=\"Prihl\u00e1si\u0165\" id=\"um_login_button22\" class=\"um_login_button\"  \/><\/p><\/form><a href=\"javascript:void(0);\" class=\"lostpassword_link22 \">Zabudol si heslo?<\/a><form id=\"um_lostpass_form22\" class=\"um_lostpass_form \" method=\"post\" onsubmit=\"pfAjaxRequest(this); return false;\" ><div class=\"lostpassword_form_div22\" style=\"display:none;\" ><p>Zadaj svoju e-mailov\u00fa adresu. Odkaz na obnovenie hesla odo\u0161leme do tvojej e-mailovej schr\u00e1nky.<\/p><p><label  class=\"pf_label\" for=\"user_login22\">E-mail<\/label> <input type=\"text\" name=\"user_login\" id=\"user_login22\" class=\"um_lostpass_field um_input\"  \/><\/p><input type=\"hidden\" name=\"pf_nonce\" value=\"cfbc7f1229\" \/><input type=\"hidden\" name=\"_wp_http_referer\" value=\"\/sk\/wp-json\/wp\/v2\/pages\/154\" \/><input type=\"hidden\" name=\"method_name\" value=\"Lostpassword\" \/><input type=\"hidden\" name=\"um_post_method_nonce\" value=\"3faa0d3112\" \/><p><input type=\"submit\" name=\"wp-submit\" value=\"Obnovi\u0165 heslo\" id=\"um_lostpass_button22\" class=\"um_lostpass_button\"  \/><\/p><\/div><\/form>\n<\/div><\/div><style type=\"text\/css\">.fusion-body .fusion-builder-column-0{width:75% !important;margin-top : 0px;margin-bottom : 20px;}.fusion-builder-column-0 > .fusion-column-wrapper {padding-top : 2rem !important;padding-right : 4rem !important;margin-right : 2.56%;padding-bottom : 2rem !important;padding-left : 4rem !important;margin-left : 2.56%;}@media only screen and (max-width:1100px) {.fusion-body .fusion-builder-column-0{width:75% !important;order : 0;}.fusion-builder-column-0 > .fusion-column-wrapper {margin-right : 2.56%;margin-left : 2.56%;}}@media only screen and (max-width:800px) {.fusion-body .fusion-builder-column-0{width:100% !important;order : 0;}.fusion-builder-column-0 > .fusion-column-wrapper {padding-top : 2rem !important;padding-right : 2rem !important;margin-right : 1.92%;padding-bottom : 2rem !important;padding-left : 2rem !important;margin-left : 1.92%;}}<\/style><\/div><\/div><style type=\"text\/css\">.fusion-body .fusion-flex-container.fusion-builder-row-1{ padding-top : 12rem;margin-top : 0px;padding-right : 0px;padding-bottom : 3rem;margin-bottom : 0px;padding-left : 0px;min-height:900px;}@media only screen and (max-width:1100px) {.fusion-body .fusion-flex-container.fusion-builder-row-1{ min-height:435px;}}@media only screen and (max-width:800px) {.fusion-body .fusion-flex-container.fusion-builder-row-1{ padding-top : 6rem;padding-bottom : 2rem;min-height:735px;}}<\/style><\/div>\n","protected":false},"excerpt":{"rendered":"","protected":false},"author":15,"featured_media":0,"parent":0,"menu_order":0,"comment_status":"closed","ping_status":"closed","template":"100-width.php","meta":{"footnotes":""},"class_list":["post-154","page","type-page","status-publish","hentry"],"yoast_head":"<!-- This site is optimized with the Yoast SEO plugin v25.0 - https:\/\/yoast.com\/wordpress\/plugins\/seo\/ -->\n<title>maxsportsutaz.com - K\u00fap Max Sport ty\u010dinku a s\u00fa\u0165a\u017e na MAXimum!<\/title>\n<meta name=\"description\" content=\"K\u00fap Max Sport ty\u010dinku a s\u00fa\u0165a\u017e na MAXimum o luxusn\u00fa dovolenku a \u010fal\u0161ie hodnotn\u00e9 ceny. \u010c\u00edm viac n\u00e1kupov \u2013 t\u00fdm v\u00e4\u010d\u0161ia \u0161anca na v\u00fdhru!\" \/>\n<meta name=\"robots\" content=\"index, follow, max-snippet:-1, max-image-preview:large, max-video-preview:-1\" \/>\n<link rel=\"canonical\" href=\"https:\/\/maxsportsutaz.com\/sk\/prihlasenie\/\" \/>\n<meta property=\"og:locale\" content=\"sk_SK\" \/>\n<meta property=\"og:type\" content=\"article\" \/>\n<meta property=\"og:title\" content=\"maxsportsutaz.com - K\u00fap Max Sport ty\u010dinku a s\u00fa\u0165a\u017e na MAXimum!\" \/>\n<meta property=\"og:description\" content=\"K\u00fap Max Sport ty\u010dinku a s\u00fa\u0165a\u017e na MAXimum o luxusn\u00fa dovolenku a \u010fal\u0161ie hodnotn\u00e9 ceny. \u010c\u00edm viac n\u00e1kupov \u2013 t\u00fdm v\u00e4\u010d\u0161ia \u0161anca na v\u00fdhru!\" \/>\n<meta property=\"og:url\" content=\"https:\/\/maxsportsutaz.com\/sk\/prihlasenie\/\" \/>\n<meta property=\"og:site_name\" content=\"maxsportsutaz.com\" \/>\n<meta property=\"article:modified_time\" content=\"2025-04-16T10:43:35+00:00\" \/>\n<meta name=\"twitter:card\" content=\"summary_large_image\" \/>\n<meta name=\"twitter:label1\" content=\"Predpokladan\u00fd \u010das \u010d\u00edtania\" \/>\n\t<meta name=\"twitter:data1\" content=\"5 min\u00fat\" \/>\n<script type=\"application\/ld+json\" class=\"yoast-schema-graph\">{\"@context\":\"https:\/\/schema.org\",\"@graph\":[{\"@type\":\"WebPage\",\"@id\":\"https:\/\/maxsportsutaz.com\/sk\/prihlasenie\/\",\"url\":\"https:\/\/maxsportsutaz.com\/sk\/prihlasenie\/\",\"name\":\"maxsportsutaz.com - K\u00fap Max Sport ty\u010dinku a s\u00fa\u0165a\u017e na MAXimum!\",\"isPartOf\":{\"@id\":\"https:\/\/maxsportsutaz.com\/sk\/#website\"},\"datePublished\":\"2022-10-11T10:09:35+00:00\",\"dateModified\":\"2025-04-16T10:43:35+00:00\",\"description\":\"K\u00fap Max Sport ty\u010dinku a s\u00fa\u0165a\u017e na MAXimum o luxusn\u00fa dovolenku a \u010fal\u0161ie hodnotn\u00e9 ceny. \u010c\u00edm viac n\u00e1kupov \u2013 t\u00fdm v\u00e4\u010d\u0161ia \u0161anca na v\u00fdhru!\",\"breadcrumb\":{\"@id\":\"https:\/\/maxsportsutaz.com\/sk\/prihlasenie\/#breadcrumb\"},\"inLanguage\":\"sk-SK\",\"potentialAction\":[{\"@type\":\"ReadAction\",\"target\":[\"https:\/\/maxsportsutaz.com\/sk\/prihlasenie\/\"]}]},{\"@type\":\"BreadcrumbList\",\"@id\":\"https:\/\/maxsportsutaz.com\/sk\/prihlasenie\/#breadcrumb\",\"itemListElement\":[{\"@type\":\"ListItem\",\"position\":1,\"name\":\"Domovsk\u00e1 str\u00e1nka\",\"item\":\"https:\/\/maxsportsutaz.com\/sk\/\"},{\"@type\":\"ListItem\",\"position\":2,\"name\":\"Prihl\u00e1senie\"}]},{\"@type\":\"WebSite\",\"@id\":\"https:\/\/maxsportsutaz.com\/sk\/#website\",\"url\":\"https:\/\/maxsportsutaz.com\/sk\/\",\"name\":\"maxsportsutaz.com\",\"description\":\"K\u00fap Max Sport ty\u010dinku a s\u00fa\u0165a\u017e na MAXimum!\",\"alternateName\":\"Maxsport s\u00fa\u0165a\u017e\",\"potentialAction\":[{\"@type\":\"SearchAction\",\"target\":{\"@type\":\"EntryPoint\",\"urlTemplate\":\"https:\/\/maxsportsutaz.com\/sk\/?s={search_term_string}\"},\"query-input\":{\"@type\":\"PropertyValueSpecification\",\"valueRequired\":true,\"valueName\":\"search_term_string\"}}],\"inLanguage\":\"sk-SK\"}]}<\/script>\n<!-- \/ Yoast SEO plugin. -->","yoast_head_json":{"title":"maxsportsutaz.com - K\u00fap Max Sport ty\u010dinku a s\u00fa\u0165a\u017e na MAXimum!","description":"K\u00fap Max Sport ty\u010dinku a s\u00fa\u0165a\u017e na MAXimum o luxusn\u00fa dovolenku a \u010fal\u0161ie hodnotn\u00e9 ceny. \u010c\u00edm viac n\u00e1kupov \u2013 t\u00fdm v\u00e4\u010d\u0161ia \u0161anca na v\u00fdhru!","robots":{"index":"index","follow":"follow","max-snippet":"max-snippet:-1","max-image-preview":"max-image-preview:large","max-video-preview":"max-video-preview:-1"},"canonical":"https:\/\/maxsportsutaz.com\/sk\/prihlasenie\/","og_locale":"sk_SK","og_type":"article","og_title":"maxsportsutaz.com - K\u00fap Max Sport ty\u010dinku a s\u00fa\u0165a\u017e na MAXimum!","og_description":"K\u00fap Max Sport ty\u010dinku a s\u00fa\u0165a\u017e na MAXimum o luxusn\u00fa dovolenku a \u010fal\u0161ie hodnotn\u00e9 ceny. \u010c\u00edm viac n\u00e1kupov \u2013 t\u00fdm v\u00e4\u010d\u0161ia \u0161anca na v\u00fdhru!","og_url":"https:\/\/maxsportsutaz.com\/sk\/prihlasenie\/","og_site_name":"maxsportsutaz.com","article_modified_time":"2025-04-16T10:43:35+00:00","twitter_card":"summary_large_image","twitter_misc":{"Predpokladan\u00fd \u010das \u010d\u00edtania":"5 min\u00fat"},"schema":{"@context":"https:\/\/schema.org","@graph":[{"@type":"WebPage","@id":"https:\/\/maxsportsutaz.com\/sk\/prihlasenie\/","url":"https:\/\/maxsportsutaz.com\/sk\/prihlasenie\/","name":"maxsportsutaz.com - K\u00fap Max Sport ty\u010dinku a s\u00fa\u0165a\u017e na MAXimum!","isPartOf":{"@id":"https:\/\/maxsportsutaz.com\/sk\/#website"},"datePublished":"2022-10-11T10:09:35+00:00","dateModified":"2025-04-16T10:43:35+00:00","description":"K\u00fap Max Sport ty\u010dinku a s\u00fa\u0165a\u017e na MAXimum o luxusn\u00fa dovolenku a \u010fal\u0161ie hodnotn\u00e9 ceny. \u010c\u00edm viac n\u00e1kupov \u2013 t\u00fdm v\u00e4\u010d\u0161ia \u0161anca na v\u00fdhru!","breadcrumb":{"@id":"https:\/\/maxsportsutaz.com\/sk\/prihlasenie\/#breadcrumb"},"inLanguage":"sk-SK","potentialAction":[{"@type":"ReadAction","target":["https:\/\/maxsportsutaz.com\/sk\/prihlasenie\/"]}]},{"@type":"BreadcrumbList","@id":"https:\/\/maxsportsutaz.com\/sk\/prihlasenie\/#breadcrumb","itemListElement":[{"@type":"ListItem","position":1,"name":"Domovsk\u00e1 str\u00e1nka","item":"https:\/\/maxsportsutaz.com\/sk\/"},{"@type":"ListItem","position":2,"name":"Prihl\u00e1senie"}]},{"@type":"WebSite","@id":"https:\/\/maxsportsutaz.com\/sk\/#website","url":"https:\/\/maxsportsutaz.com\/sk\/","name":"maxsportsutaz.com","description":"K\u00fap Max Sport ty\u010dinku a s\u00fa\u0165a\u017e na MAXimum!","alternateName":"Maxsport s\u00fa\u0165a\u017e","potentialAction":[{"@type":"SearchAction","target":{"@type":"EntryPoint","urlTemplate":"https:\/\/maxsportsutaz.com\/sk\/?s={search_term_string}"},"query-input":{"@type":"PropertyValueSpecification","valueRequired":true,"valueName":"search_term_string"}}],"inLanguage":"sk-SK"}]}},"_links":{"self":[{"href":"https:\/\/maxsportsutaz.com\/sk\/wp-json\/wp\/v2\/pages\/154","targetHints":{"allow":["GET"]}}],"collection":[{"href":"https:\/\/maxsportsutaz.com\/sk\/wp-json\/wp\/v2\/pages"}],"about":[{"href":"https:\/\/maxsportsutaz.com\/sk\/wp-json\/wp\/v2\/types\/page"}],"author":[{"embeddable":true,"href":"https:\/\/maxsportsutaz.com\/sk\/wp-json\/wp\/v2\/users\/15"}],"replies":[{"embeddable":true,"href":"https:\/\/maxsportsutaz.com\/sk\/wp-json\/wp\/v2\/comments?post=154"}],"version-history":[{"count":18,"href":"https:\/\/maxsportsutaz.com\/sk\/wp-json\/wp\/v2\/pages\/154\/revisions"}],"predecessor-version":[{"id":1239,"href":"https:\/\/maxsportsutaz.com\/sk\/wp-json\/wp\/v2\/pages\/154\/revisions\/1239"}],"wp:attachment":[{"href":"https:\/\/maxsportsutaz.com\/sk\/wp-json\/wp\/v2\/media?parent=154"}],"curies":[{"name":"wp","href":"https:\/\/api.w.org\/{rel}","templated":true}]}}